{"id":3403,"date":"2021-05-17T09:29:05","date_gmt":"2021-05-17T09:29:05","guid":{"rendered":"http:\/\/beguerrilla.com\/?page_id=3403"},"modified":"2023-01-17T11:42:22","modified_gmt":"2023-01-17T11:42:22","slug":"impressum","status":"publish","type":"page","link":"https:\/\/beguerrilla.com\/de\/impressum\/","title":{"rendered":"Impressum"},"content":{"rendered":"\t\t<div data-elementor-type=\"wp-page\" data-elementor-id=\"3403\" class=\"elementor elementor-3403\">\n\t\t\t\t\t\t\t\t\t<section class=\"elementor-section elementor-top-section elementor-element elementor-element-8e1f00a elementor-section-boxed elementor-section-height-default elementor-section-height-default\" data-id=\"8e1f00a\" data-element_type=\"section\">\n\t\t\t\t\t\t<div class=\"elementor-container elementor-column-gap-default\">\n\t\t\t\t\t<div class=\"elementor-column elementor-col-100 elementor-top-column elementor-element elementor-element-0f40070\" data-id=\"0f40070\" data-element_type=\"column\">\n\t\t\t<div class=\"elementor-widget-wrap elementor-element-populated\">\n\t\t\t\t\t\t\t\t<div class=\"elementor-element elementor-element-2fd3955 elementor-widget elementor-widget-spacer\" data-id=\"2fd3955\" data-element_type=\"widget\" data-widget_type=\"spacer.default\">\n\t\t\t\t<div class=\"elementor-widget-container\">\n\t\t\t<style>\/*! elementor - v3.10.0 - 09-01-2023 *\/\n.elementor-column .elementor-spacer-inner{height:var(--spacer-size)}.e-con{--container-widget-width:100%}.e-con-inner>.elementor-widget-spacer,.e-con>.elementor-widget-spacer{width:var(--container-widget-width,var(--spacer-size));--align-self:var(--container-widget-align-self,initial);--flex-shrink:0}.e-con-inner>.elementor-widget-spacer>.elementor-widget-container,.e-con-inner>.elementor-widget-spacer>.elementor-widget-container>.elementor-spacer,.e-con>.elementor-widget-spacer>.elementor-widget-container,.e-con>.elementor-widget-spacer>.elementor-widget-container>.elementor-spacer{height:100%}.e-con-inner>.elementor-widget-spacer>.elementor-widget-container>.elementor-spacer>.elementor-spacer-inner,.e-con>.elementor-widget-spacer>.elementor-widget-container>.elementor-spacer>.elementor-spacer-inner{height:var(--container-widget-height,var(--spacer-size))}<\/style>\t\t<div class=\"elementor-spacer\">\n\t\t\t<div class=\"elementor-spacer-inner\"><\/div>\n\t\t<\/div>\n\t\t\t\t<\/div>\n\t\t\t\t<\/div>\n\t\t\t\t\t<\/div>\n\t\t<\/div>\n\t\t\t\t\t\t\t<\/div>\n\t\t<\/section>\n\t\t\t\t<section class=\"elementor-section elementor-top-section elementor-element elementor-element-773d32a elementor-section-boxed elementor-section-height-default elementor-section-height-default\" data-id=\"773d32a\" data-element_type=\"section\">\n\t\t\t\t\t\t<div class=\"elementor-container elementor-column-gap-default\">\n\t\t\t\t\t<div class=\"elementor-column elementor-col-100 elementor-top-column elementor-element elementor-element-d0ea691\" data-id=\"d0ea691\" data-element_type=\"column\">\n\t\t\t<div class=\"elementor-widget-wrap elementor-element-populated\">\n\t\t\t\t\t\t\t\t<div class=\"elementor-element elementor-element-00d50f4 elementor-widget elementor-widget-heading\" data-id=\"00d50f4\" data-element_type=\"widget\" data-widget_type=\"heading.default\">\n\t\t\t\t<div class=\"elementor-widget-container\">\n\t\t\t<style>\/*! elementor - v3.10.0 - 09-01-2023 *\/\n.elementor-heading-title{padding:0;margin:0;line-height:1}.elementor-widget-heading .elementor-heading-title[class*=elementor-size-]>a{color:inherit;font-size:inherit;line-height:inherit}.elementor-widget-heading .elementor-heading-title.elementor-size-small{font-size:15px}.elementor-widget-heading .elementor-heading-title.elementor-size-medium{font-size:19px}.elementor-widget-heading .elementor-heading-title.elementor-size-large{font-size:29px}.elementor-widget-heading .elementor-heading-title.elementor-size-xl{font-size:39px}.elementor-widget-heading .elementor-heading-title.elementor-size-xxl{font-size:59px}<\/style><h2 class=\"elementor-heading-title elementor-size-default\">Aviso Legal<\/h2>\t\t<\/div>\n\t\t\t\t<\/div>\n\t\t\t\t<div class=\"elementor-element elementor-element-e0e15a6 elementor-widget elementor-widget-spacer\" data-id=\"e0e15a6\" data-element_type=\"widget\" data-widget_type=\"spacer.default\">\n\t\t\t\t<div class=\"elementor-widget-container\">\n\t\t\t\t\t<div class=\"elementor-spacer\">\n\t\t\t<div class=\"elementor-spacer-inner\"><\/div>\n\t\t<\/div>\n\t\t\t\t<\/div>\n\t\t\t\t<\/div>\n\t\t\t\t\t<\/div>\n\t\t<\/div>\n\t\t\t\t\t\t\t<\/div>\n\t\t<\/section>\n\t\t\t\t<section class=\"elementor-section elementor-top-section elementor-element elementor-element-f5de9e2 elementor-section-boxed elementor-section-height-default elementor-section-height-default\" data-id=\"f5de9e2\" data-element_type=\"section\">\n\t\t\t\t\t\t<div class=\"elementor-container elementor-column-gap-default\">\n\t\t\t\t\t<div class=\"elementor-column elementor-col-100 elementor-top-column elementor-element elementor-element-1ffd881\" data-id=\"1ffd881\" data-element_type=\"column\">\n\t\t\t<div class=\"elementor-widget-wrap elementor-element-populated\">\n\t\t\t\t\t\t\t\t<div class=\"elementor-element elementor-element-110865f elementor-widget elementor-widget-text-editor\" data-id=\"110865f\" data-element_type=\"widget\" data-widget_type=\"text-editor.default\">\n\t\t\t\t<div class=\"elementor-widget-container\">\n\t\t\t<style>\/*! elementor - v3.10.0 - 09-01-2023 *\/\n.elementor-widget-text-editor.elementor-drop-cap-view-stacked .elementor-drop-cap{background-color:#818a91;color:#fff}.elementor-widget-text-editor.elementor-drop-cap-view-framed .elementor-drop-cap{color:#818a91;border:3px solid;background-color:transparent}.elementor-widget-text-editor:not(.elementor-drop-cap-view-default) .elementor-drop-cap{margin-top:8px}.elementor-widget-text-editor:not(.elementor-drop-cap-view-default) .elementor-drop-cap-letter{width:1em;height:1em}.elementor-widget-text-editor .elementor-drop-cap{float:left;text-align:center;line-height:1;font-size:50px}.elementor-widget-text-editor .elementor-drop-cap-letter{display:inline-block}<\/style>\t\t\t\t<section style=\"padding: 60px 0px 30px; color: #333333; font-family: -apple-system, BlinkMacSystemFont,;\" data-particle_enable=\"false\" data-particle-mobile-disabled=\"false\" data-id=\"14b26b6\" data-element_type=\"section\">\n<div>\n<div style=\"width: 1140px;\">\n<div style=\"width: 1140px;\" data-id=\"9aec911\" data-element_type=\"column\">\n<div style=\"width: 1140px;\">\n<div style=\"width: 1120px;\">\n<div style=\"font-family: var( --e-global-typography-text-font-family ); font-weight: var( --e-global-typography-text-font-weight ); width: 1120px;\" data-id=\"d28ee1b\" data-element_type=\"widget\" data-widget_type=\"text-editor.default\">\n<div>\n<div>\n<p>Est\u00e1s en un espacio seguro y comprometido con tus derechos, es la raz\u00f3n por la que est\u00e1s leyendo este texto. Queremos ofrecerte una experiencia de navegaci\u00f3n con todas las garant\u00edas necesarias para que navegues y operes por nuestra web con total\u00a0 seguridad y confianza.<\/p>\n<h2><a>Datos del Responsable<\/a>:<\/h2>\n<p><span style=\"font-weight: bolder;\">Denominaci\u00f3n social es<\/span>: BEGUERRILLA S.L.<\/p>\n<p>\u00a0<span style=\"font-weight: bolder;\">CIF\/NIF es<\/span>:\u00a0 B54971387<\/p>\n<p><span style=\"font-weight: bolder;\">Correo electr\u00f3nico<\/span>:\u00a0 agencia@beguerrilla.com<\/p>\n<p><span style=\"font-weight: bolder;\">Domicilio<\/span>:\u00a0<a>\u00a0Calle Cervantes, 24, local 3E, 03550 Sant Joan d\u2019Alacant, Alicante<\/a><\/p>\n<p><span style=\"font-weight: bolder;\">Finalidad de la p\u00e1gina web<\/span>: Servicios de Marketing Digital<\/p>\n<p><span style=\"font-weight: bolder;\">Registro mercantil:<\/span>\u00a0San Juan de Alicante Tomo: 3992\u00a0\u00a0\u00a0\u00a0\u00a0\u00a0\u00a0\u00a0\u00a0\u00a0\u00a0\u00a0\u00a0\u00a0\u00a0\u00a0\u00a0\u00a0\u00a0\u00a0\u00a0\u00a0\u00a0\u00a0\u00a0\u00a0\u00a0<\/p>\n<p>Folio:\u00a0\u00a0 117 Libro: Hoja:\u00a0 A-152674\u00a0\u00a0\u00a0 Fecha: 25\/11\/2016<\/p>\n<p>Esta web cumple rigurosamente con la Ley Org\u00e1nica 3\/2018, de 5 de diciembre, de Protecci\u00f3n de Datos Personales y garant\u00eda de los derechos digitales (LOPDGDD). Cumple tambi\u00e9n con el Reglamento (UE) 2016\/679 del Parlamento Europeo y del Consejo de 27 de abril de 2016 relativo a la protecci\u00f3n de las personas f\u00edsicas (RGPD), as\u00ed como con la Ley 34\/2002, de 11 de julio, de Servicios de la Sociedad de la Informaci\u00f3n y Comercio Electr\u00f3nico (LSSICE o LSSI).<\/p>\n<h2><a>Condiciones generales de uso<\/a><\/h2>\n<p>Las presentes Condiciones Generales regulan el uso (incluyendo el mero acceso) de las p\u00e1ginas de web, integrantes del sitio web de \u00a0BEGUERRILLA, incluidos los contenidos y servicios puestos a disposici\u00f3n en ellas. Toda persona que acceda a la web beguerrilla.com \u00a0(\u201c<span style=\"font-weight: bolder;\">usuario<\/span>\u201d) acepta someterse a las Condiciones Generales vigentes en cada momento del portal: beguerrilla.com\u00a0\u00a0\u00a0<\/p>\n<h2>Datos personales que recabamos<\/h2>\n<p>Leer\u00a0<span style=\"color: #ff9900;\"><a style=\"color: #ff9900;\" href=\"http:\/\/beguerrilla.com\/politica-de-privacidad\/\">Pol\u00edtica de Privacidad<\/a>\u00a0<\/span>de BEGUERRILLA.<\/p>\n<h2><a>Compromisos y obligaciones de los usuarios<\/a><\/h2>\n<p>El usuario queda informado, y acepta, que el acceso a la presente web no supone, en modo alguno, el inicio de una relaci\u00f3n comercial con \u00a0BEGUERRILLA\u00a0 .\u00a0 De esta forma, el usuario se compromete a utilizar el sitio web, sus servicios y contenidos sin contravenir la legislaci\u00f3n vigente, la buena fe y el orden p\u00fablico.<\/p>\n<p>Queda prohibido el uso de la web, con fines il\u00edcitos o lesivos, o que, de cualquier forma, puedan causar perjuicio o impedir el normal funcionamiento del sitio web. Respecto de los contenidos de esta web, se proh\u00edbe:<\/p>\n<ul style=\"font-size: 16px;\">\n<li style=\"font-size: 16px;\">Su reproducci\u00f3n, distribuci\u00f3n o modificaci\u00f3n, total o parcial, a menos que se cuente con mi autorizaci\u00f3n como leg\u00edtimo titular;<\/li>\n<li style=\"font-size: 16px;\">Cualquier vulneraci\u00f3n de los derechos del prestador o de mi como leg\u00edtimo titular;<\/li>\n<li style=\"font-size: 16px;\">Su utilizaci\u00f3n para fines comerciales o publicitarios.<\/li>\n<\/ul>\n<p>En la utilizaci\u00f3n de la web, beguerrilla.com , el usuario se compromete a no llevar a cabo\u00a0<span style=\"font-weight: bolder;\">ninguna conducta<\/span>\u00a0que pudiera da\u00f1ar la imagen, los intereses y los derechos de \u00a0BEGUERRILLA,\u00a0 o de terceros o que pudiera da\u00f1ar, inutilizar o sobrecargar el portal: beguerrilla.com lo que impidiera, de cualquier forma, la normal utilizaci\u00f3n de la web.<\/p>\n<p>No obstante, el usuario debe ser consciente de que las medidas de seguridad de los sistemas inform\u00e1ticos en Internet no son enteramente fiables y que, por tanto beguerrilla.com , no puede garantizar la inexistencia de malware u otros elementos que puedan producir alteraciones en los sistemas inform\u00e1ticos (software y hardware) del usuario o en sus documentos electr\u00f3nicos y ficheros contenidos en los mismos aunque pongo todos los medios necesarios y las medidas de seguridad oportunas para evitar la presencia de estos elementos da\u00f1inos.<\/p>\n<h2><a>Medidas de seguridad<\/a><\/h2>\n<p>Los datos personales comunicados por el usuario a\u00a0 \u00a0BEGUERRILLA,\u00a0\u00a0 almacenados en bases de datos automatizadas o no, cuya titularidad corresponde en exclusiva a \u00a0BEGUERRILLA\u00a0 asumiendo \u00e9sta todas las medidas de \u00edndole t\u00e9cnica, organizativa y de seguridad que garantizan la confidencialidad, integridad y calidad de la informaci\u00f3n contenida en las mismas de acuerdo con lo establecido en la normativa vigente en protecci\u00f3n de datos.<\/p>\n<h2><a>Plataforma de resoluci\u00f3n de conflictos<\/a><\/h2>\n<p>Pongo tambi\u00e9n a disposici\u00f3n de los usuarios la plataforma de resoluci\u00f3n de litigios que facilita la Comisi\u00f3n Europea y que se encuentra disponible en el siguiente enlace:<a href=\"http:\/\/ec.europa.eu\/consumers\/odr\/\">\u00a0<span style=\"color: #ff9900;\">http:\/\/ec.europa.eu\/consumers\/odr\/<\/span><\/a><\/p>\n<h2><a>Derechos de propiedad intelectual e industrial<\/a><\/h2>\n<p>En virtud de lo dispuesto en los art\u00edculos 8 y 32.1, p\u00e1rrafo segundo, de la Ley de Propiedad Intelectual, quedan expresamente prohibidas la reproducci\u00f3n, la distribuci\u00f3n y la comunicaci\u00f3n p\u00fablica, incluida su modalidad de puesta a disposici\u00f3n, de la totalidad o parte de los contenidos de esta p\u00e1gina web, con fines comerciales, en cualquier soporte y por cualquier medio t\u00e9cnico, sin la autorizaci\u00f3n de \u00a0BEGUERRILLA. El usuario se compromete a respetar los derechos de Propiedad Intelectual e Industrial titularidad de \u00a0BEGUERRILLA.\u00a0<\/p>\n<p>El usuario conoce y acepta que la totalidad del sitio web, conteniendo sin car\u00e1cter exhaustivo el texto, software, contenidos (incluyendo estructura, selecci\u00f3n, ordenaci\u00f3n y presentaci\u00f3n de los mismos) podcast, fotograf\u00edas, material audiovisual y gr\u00e1ficos, est\u00e1 protegida por marcas, derechos de autor y otros derechos leg\u00edtimos, de acuerdo con los tratados internacionales en los que Espa\u00f1a es parte y otros derechos de propiedad y leyes de Espa\u00f1a.<\/p>\n<h2><a>Ley aplicable y jurisdicci\u00f3n<\/a><\/h2>\n<p>Con car\u00e1cter general las relaciones entre BEGUERRILLA ,\u00a0 con los usuarios de sus servicios telem\u00e1ticos, presentes en esta web se encuentran sometidas a la legislaci\u00f3n y jurisdicci\u00f3n espa\u00f1olas y a los tribunales del domicilio del cliente.<\/p>\n<h2><a>Contacto<\/a><\/h2>\n<p>En caso de que cualquier usuario tuviese alguna duda acerca de estas Condiciones legales o cualquier comentario sobre el portal markmaat.com por favor dir\u00edjase agencia@beguerrilla.com<span style=\"font-weight: bolder;\">\u00a0\u00a0<\/span><\/p>\n<p>El aviso legal ha sido actualizado por \u00faltima vez el 13 de Mayo de 2021<\/p>\n<\/div>\n<\/div>\n<\/div>\n<\/div>\n<\/div>\n<\/div>\n<\/div>\n<\/div>\n<\/section>\n<section style=\"padding: 60px 0px 30px; color: #333333; font-family: -apple-system, BlinkMacSystemFont,;\" data-particle_enable=\"false\" data-particle-mobile-disabled=\"false\" data-id=\"04067d1\" data-element_type=\"section\">\n<div>\n<div style=\"width: 1140px;\">\n<div style=\"width: 1140px;\" data-id=\"11f83b4\" data-element_type=\"column\">\n<div style=\"width: 1140px;\">\n<div style=\"width: 1120px;\">\n<div style=\"font-family: var( --e-global-typography-text-font-family ); font-weight: var( --e-global-typography-text-font-weight ); width: 1120px;\" data-id=\"c538b5a\" data-element_type=\"widget\" data-widget_type=\"text-editor.default\">\n<div>\n<div>\u00a0<\/div>\n<\/div>\n<\/div>\n<\/div>\n<\/div>\n<\/div>\n<\/div>\n<\/div>\n<\/section>\n\t\t\t\t\t\t<\/div>\n\t\t\t\t<\/div>\n\t\t\t\t\t<\/div>\n\t\t<\/div>\n\t\t\t\t\t\t\t<\/div>\n\t\t<\/section>\n\t\t\t\t\t\t\t<\/div>\n\t\t","protected":false},"excerpt":{"rendered":"<p>Aviso Legal Est\u00e1s en un espacio seguro y comprometido con tus derechos, es la raz\u00f3n por la que est\u00e1s leyendo este texto. Queremos ofrecerte una experiencia de navegaci\u00f3n con todas las garant\u00edas necesarias para que navegues y operes por nuestra web con total\u00a0 seguridad y confianza. Datos del Responsable: Denominaci\u00f3n social es: BEGUERRILLA S.L. \u00a0CIF\/NIF [&hellip;]<\/p>\n","protected":false},"author":20,"featured_media":0,"parent":0,"menu_order":0,"comment_status":"closed","ping_status":"closed","template":"","meta":{"content-type":""},"yoast_head":"<!-- This site is optimized with the Yoast SEO plugin v20.0 - https:\/\/yoast.com\/wordpress\/plugins\/seo\/ -->\n<title>Impressum - Beguerrilla<\/title>\n<meta name=\"robots\" content=\"index, follow, max-snippet:-1, max-image-preview:large, max-video-preview:-1\" \/>\n<link rel=\"canonical\" href=\"https:\/\/beguerrilla.com\/aviso-legal\/\" \/>\n<meta property=\"og:locale\" content=\"de_DE\" \/>\n<meta property=\"og:type\" content=\"article\" \/>\n<meta property=\"og:title\" content=\"Impressum - Beguerrilla\" \/>\n<meta property=\"og:description\" content=\"Aviso Legal Est\u00e1s en un espacio seguro y comprometido con tus derechos, es la raz\u00f3n por la que est\u00e1s leyendo este texto. Queremos ofrecerte una experiencia de navegaci\u00f3n con todas las garant\u00edas necesarias para que navegues y operes por nuestra web con total\u00a0 seguridad y confianza. Datos del Responsable: Denominaci\u00f3n social es: BEGUERRILLA S.L. \u00a0CIF\/NIF [&hellip;]\" \/>\n<meta property=\"og:url\" content=\"https:\/\/beguerrilla.com\/aviso-legal\/\" \/>\n<meta property=\"og:site_name\" content=\"Beguerrilla\" \/>\n<meta property=\"article:modified_time\" content=\"2023-01-17T11:42:22+00:00\" \/>\n<meta name=\"twitter:card\" content=\"summary_large_image\" \/>\n<meta name=\"twitter:label1\" content=\"Gesch\u00e4tzte Lesezeit\" \/>\n\t<meta name=\"twitter:data1\" content=\"5 Minuten\" \/>\n<script type=\"application\/ld+json\" class=\"yoast-schema-graph\">{\"@context\":\"https:\/\/schema.org\",\"@graph\":[{\"@type\":\"WebPage\",\"@id\":\"https:\/\/beguerrilla.com\/aviso-legal\/\",\"url\":\"https:\/\/beguerrilla.com\/aviso-legal\/\",\"name\":\"Impressum - Beguerrilla\",\"isPartOf\":{\"@id\":\"https:\/\/beguerrilla.com\/#website\"},\"datePublished\":\"2021-05-17T09:29:05+00:00\",\"dateModified\":\"2023-01-17T11:42:22+00:00\",\"breadcrumb\":{\"@id\":\"https:\/\/beguerrilla.com\/aviso-legal\/#breadcrumb\"},\"inLanguage\":\"de-DE\",\"potentialAction\":[{\"@type\":\"ReadAction\",\"target\":[\"https:\/\/beguerrilla.com\/aviso-legal\/\"]}]},{\"@type\":\"BreadcrumbList\",\"@id\":\"https:\/\/beguerrilla.com\/aviso-legal\/#breadcrumb\",\"itemListElement\":[{\"@type\":\"ListItem\",\"position\":1,\"name\":\"Portada\",\"item\":\"https:\/\/beguerrilla.com\/\"},{\"@type\":\"ListItem\",\"position\":2,\"name\":\"Impressum\"}]},{\"@type\":\"WebSite\",\"@id\":\"https:\/\/beguerrilla.com\/#website\",\"url\":\"https:\/\/beguerrilla.com\/\",\"name\":\"Beguerrilla\",\"description\":\"Agencia Amazon 360 - SEO, PPC &amp; Dise\u00f1o Amazon Store\",\"publisher\":{\"@id\":\"https:\/\/beguerrilla.com\/#organization\"},\"potentialAction\":[{\"@type\":\"SearchAction\",\"target\":{\"@type\":\"EntryPoint\",\"urlTemplate\":\"https:\/\/beguerrilla.com\/?s={search_term_string}\"},\"query-input\":\"required name=search_term_string\"}],\"inLanguage\":\"de-DE\"},{\"@type\":\"Organization\",\"@id\":\"https:\/\/beguerrilla.com\/#organization\",\"name\":\"Beguerrilla\",\"url\":\"https:\/\/beguerrilla.com\/\",\"logo\":{\"@type\":\"ImageObject\",\"inLanguage\":\"de-DE\",\"@id\":\"https:\/\/beguerrilla.com\/#\/schema\/logo\/image\/\",\"url\":\"https:\/\/beguerrilla.com\/wp-content\/uploads\/2020\/10\/cropped-HOME-11-1.png\",\"contentUrl\":\"https:\/\/beguerrilla.com\/wp-content\/uploads\/2020\/10\/cropped-HOME-11-1.png\",\"width\":494,\"height\":86,\"caption\":\"Beguerrilla\"},\"image\":{\"@id\":\"https:\/\/beguerrilla.com\/#\/schema\/logo\/image\/\"}}]}<\/script>\n<!-- \/ Yoast SEO plugin. -->","yoast_head_json":{"title":"Impressum - Beguerrilla","robots":{"index":"index","follow":"follow","max-snippet":"max-snippet:-1","max-image-preview":"max-image-preview:large","max-video-preview":"max-video-preview:-1"},"canonical":"https:\/\/beguerrilla.com\/aviso-legal\/","og_locale":"de_DE","og_type":"article","og_title":"Impressum - Beguerrilla","og_description":"Aviso Legal Est\u00e1s en un espacio seguro y comprometido con tus derechos, es la raz\u00f3n por la que est\u00e1s leyendo este texto. Queremos ofrecerte una experiencia de navegaci\u00f3n con todas las garant\u00edas necesarias para que navegues y operes por nuestra web con total\u00a0 seguridad y confianza. Datos del Responsable: Denominaci\u00f3n social es: BEGUERRILLA S.L. \u00a0CIF\/NIF [&hellip;]","og_url":"https:\/\/beguerrilla.com\/aviso-legal\/","og_site_name":"Beguerrilla","article_modified_time":"2023-01-17T11:42:22+00:00","twitter_card":"summary_large_image","twitter_misc":{"Gesch\u00e4tzte Lesezeit":"5 Minuten"},"schema":{"@context":"https:\/\/schema.org","@graph":[{"@type":"WebPage","@id":"https:\/\/beguerrilla.com\/aviso-legal\/","url":"https:\/\/beguerrilla.com\/aviso-legal\/","name":"Impressum - Beguerrilla","isPartOf":{"@id":"https:\/\/beguerrilla.com\/#website"},"datePublished":"2021-05-17T09:29:05+00:00","dateModified":"2023-01-17T11:42:22+00:00","breadcrumb":{"@id":"https:\/\/beguerrilla.com\/aviso-legal\/#breadcrumb"},"inLanguage":"de-DE","potentialAction":[{"@type":"ReadAction","target":["https:\/\/beguerrilla.com\/aviso-legal\/"]}]},{"@type":"BreadcrumbList","@id":"https:\/\/beguerrilla.com\/aviso-legal\/#breadcrumb","itemListElement":[{"@type":"ListItem","position":1,"name":"Portada","item":"https:\/\/beguerrilla.com\/"},{"@type":"ListItem","position":2,"name":"Impressum"}]},{"@type":"WebSite","@id":"https:\/\/beguerrilla.com\/#website","url":"https:\/\/beguerrilla.com\/","name":"Beguerrilla","description":"Agencia Amazon 360 - SEO, PPC &amp; Dise\u00f1o Amazon Store","publisher":{"@id":"https:\/\/beguerrilla.com\/#organization"},"potentialAction":[{"@type":"SearchAction","target":{"@type":"EntryPoint","urlTemplate":"https:\/\/beguerrilla.com\/?s={search_term_string}"},"query-input":"required name=search_term_string"}],"inLanguage":"de-DE"},{"@type":"Organization","@id":"https:\/\/beguerrilla.com\/#organization","name":"Beguerrilla","url":"https:\/\/beguerrilla.com\/","logo":{"@type":"ImageObject","inLanguage":"de-DE","@id":"https:\/\/beguerrilla.com\/#\/schema\/logo\/image\/","url":"https:\/\/beguerrilla.com\/wp-content\/uploads\/2020\/10\/cropped-HOME-11-1.png","contentUrl":"https:\/\/beguerrilla.com\/wp-content\/uploads\/2020\/10\/cropped-HOME-11-1.png","width":494,"height":86,"caption":"Beguerrilla"},"image":{"@id":"https:\/\/beguerrilla.com\/#\/schema\/logo\/image\/"}}]}},"_links":{"self":[{"href":"https:\/\/beguerrilla.com\/de\/wp-json\/wp\/v2\/pages\/3403"}],"collection":[{"href":"https:\/\/beguerrilla.com\/de\/wp-json\/wp\/v2\/pages"}],"about":[{"href":"https:\/\/beguerrilla.com\/de\/wp-json\/wp\/v2\/types\/page"}],"author":[{"embeddable":true,"href":"https:\/\/beguerrilla.com\/de\/wp-json\/wp\/v2\/users\/20"}],"replies":[{"embeddable":true,"href":"https:\/\/beguerrilla.com\/de\/wp-json\/wp\/v2\/comments?post=3403"}],"version-history":[{"count":1,"href":"https:\/\/beguerrilla.com\/de\/wp-json\/wp\/v2\/pages\/3403\/revisions"}],"predecessor-version":[{"id":5286,"href":"https:\/\/beguerrilla.com\/de\/wp-json\/wp\/v2\/pages\/3403\/revisions\/5286"}],"wp:attachment":[{"href":"https:\/\/beguerrilla.com\/de\/wp-json\/wp\/v2\/media?parent=3403"}],"curies":[{"name":"wp","href":"https:\/\/api.w.org\/{rel}","templated":true}]}}