{"id":3439,"date":"2021-05-20T12:57:48","date_gmt":"2021-05-20T12:57:48","guid":{"rendered":"http:\/\/beguerrilla.com\/?page_id=3439"},"modified":"2023-01-17T11:42:22","modified_gmt":"2023-01-17T11:42:22","slug":"cookies-richtlinie","status":"publish","type":"page","link":"https:\/\/beguerrilla.com\/de\/cookies-richtlinie\/","title":{"rendered":"Cookies Richtlinie"},"content":{"rendered":"\t\t<div data-elementor-type=\"wp-page\" data-elementor-id=\"3439\" class=\"elementor elementor-3439\">\n\t\t\t\t\t\t\t\t\t<section class=\"elementor-section elementor-top-section elementor-element elementor-element-b2e11d1 elementor-section-boxed elementor-section-height-default elementor-section-height-default\" data-id=\"b2e11d1\" data-element_type=\"section\">\n\t\t\t\t\t\t<div class=\"elementor-container elementor-column-gap-default\">\n\t\t\t\t\t<div class=\"elementor-column elementor-col-100 elementor-top-column elementor-element elementor-element-b77492c\" data-id=\"b77492c\" data-element_type=\"column\">\n\t\t\t<div class=\"elementor-widget-wrap elementor-element-populated\">\n\t\t\t\t\t\t\t\t<div class=\"elementor-element elementor-element-647fa7a elementor-widget elementor-widget-spacer\" data-id=\"647fa7a\" data-element_type=\"widget\" data-widget_type=\"spacer.default\">\n\t\t\t\t<div class=\"elementor-widget-container\">\n\t\t\t<style>\/*! elementor - v3.10.0 - 09-01-2023 *\/\n.elementor-column .elementor-spacer-inner{height:var(--spacer-size)}.e-con{--container-widget-width:100%}.e-con-inner>.elementor-widget-spacer,.e-con>.elementor-widget-spacer{width:var(--container-widget-width,var(--spacer-size));--align-self:var(--container-widget-align-self,initial);--flex-shrink:0}.e-con-inner>.elementor-widget-spacer>.elementor-widget-container,.e-con-inner>.elementor-widget-spacer>.elementor-widget-container>.elementor-spacer,.e-con>.elementor-widget-spacer>.elementor-widget-container,.e-con>.elementor-widget-spacer>.elementor-widget-container>.elementor-spacer{height:100%}.e-con-inner>.elementor-widget-spacer>.elementor-widget-container>.elementor-spacer>.elementor-spacer-inner,.e-con>.elementor-widget-spacer>.elementor-widget-container>.elementor-spacer>.elementor-spacer-inner{height:var(--container-widget-height,var(--spacer-size))}<\/style>\t\t<div class=\"elementor-spacer\">\n\t\t\t<div class=\"elementor-spacer-inner\"><\/div>\n\t\t<\/div>\n\t\t\t\t<\/div>\n\t\t\t\t<\/div>\n\t\t\t\t\t<\/div>\n\t\t<\/div>\n\t\t\t\t\t\t\t<\/div>\n\t\t<\/section>\n\t\t\t\t<section class=\"elementor-section elementor-top-section elementor-element elementor-element-3c5e609 elementor-section-boxed elementor-section-height-default elementor-section-height-default\" data-id=\"3c5e609\" data-element_type=\"section\">\n\t\t\t\t\t\t<div class=\"elementor-container elementor-column-gap-default\">\n\t\t\t\t\t<div class=\"elementor-column elementor-col-100 elementor-top-column elementor-element elementor-element-65fb9c7\" data-id=\"65fb9c7\" data-element_type=\"column\">\n\t\t\t<div class=\"elementor-widget-wrap elementor-element-populated\">\n\t\t\t\t\t\t\t\t<div class=\"elementor-element elementor-element-75e17e5 elementor-widget elementor-widget-heading\" data-id=\"75e17e5\" data-element_type=\"widget\" data-widget_type=\"heading.default\">\n\t\t\t\t<div class=\"elementor-widget-container\">\n\t\t\t<style>\/*! elementor - v3.10.0 - 09-01-2023 *\/\n.elementor-heading-title{padding:0;margin:0;line-height:1}.elementor-widget-heading .elementor-heading-title[class*=elementor-size-]>a{color:inherit;font-size:inherit;line-height:inherit}.elementor-widget-heading .elementor-heading-title.elementor-size-small{font-size:15px}.elementor-widget-heading .elementor-heading-title.elementor-size-medium{font-size:19px}.elementor-widget-heading .elementor-heading-title.elementor-size-large{font-size:29px}.elementor-widget-heading .elementor-heading-title.elementor-size-xl{font-size:39px}.elementor-widget-heading .elementor-heading-title.elementor-size-xxl{font-size:59px}<\/style><h2 class=\"elementor-heading-title elementor-size-default\">Pol\u00edtica de cookies<\/h2>\t\t<\/div>\n\t\t\t\t<\/div>\n\t\t\t\t\t<\/div>\n\t\t<\/div>\n\t\t\t\t\t\t\t<\/div>\n\t\t<\/section>\n\t\t\t\t<section class=\"elementor-section elementor-top-section elementor-element elementor-element-1916d01 elementor-section-boxed elementor-section-height-default elementor-section-height-default\" data-id=\"1916d01\" data-element_type=\"section\">\n\t\t\t\t\t\t<div class=\"elementor-container elementor-column-gap-default\">\n\t\t\t\t\t<div class=\"elementor-column elementor-col-100 elementor-top-column elementor-element elementor-element-b9f79ba\" data-id=\"b9f79ba\" data-element_type=\"column\">\n\t\t\t<div class=\"elementor-widget-wrap elementor-element-populated\">\n\t\t\t\t\t\t\t\t<div class=\"elementor-element elementor-element-64cbc79 elementor-widget elementor-widget-spacer\" data-id=\"64cbc79\" data-element_type=\"widget\" data-widget_type=\"spacer.default\">\n\t\t\t\t<div class=\"elementor-widget-container\">\n\t\t\t\t\t<div class=\"elementor-spacer\">\n\t\t\t<div class=\"elementor-spacer-inner\"><\/div>\n\t\t<\/div>\n\t\t\t\t<\/div>\n\t\t\t\t<\/div>\n\t\t\t\t<div class=\"elementor-element elementor-element-0de3dff elementor-widget elementor-widget-text-editor\" data-id=\"0de3dff\" data-element_type=\"widget\" data-widget_type=\"text-editor.default\">\n\t\t\t\t<div class=\"elementor-widget-container\">\n\t\t\t<style>\/*! elementor - v3.10.0 - 09-01-2023 *\/\n.elementor-widget-text-editor.elementor-drop-cap-view-stacked .elementor-drop-cap{background-color:#818a91;color:#fff}.elementor-widget-text-editor.elementor-drop-cap-view-framed .elementor-drop-cap{color:#818a91;border:3px solid;background-color:transparent}.elementor-widget-text-editor:not(.elementor-drop-cap-view-default) .elementor-drop-cap{margin-top:8px}.elementor-widget-text-editor:not(.elementor-drop-cap-view-default) .elementor-drop-cap-letter{width:1em;height:1em}.elementor-widget-text-editor .elementor-drop-cap{float:left;text-align:center;line-height:1;font-size:50px}.elementor-widget-text-editor .elementor-drop-cap-letter{display:inline-block}<\/style>\t\t\t\t<p>En esta web recopilamos y utilizamos la informaci\u00f3n seg\u00fan indicamos en nuestra pol\u00edtica de privacidad. Una de las formas en las que recopilamos informaci\u00f3n es a trav\u00e9s del uso de la tecnolog\u00eda llamada \u201ccookies\u201d. En Beguerrilla utilizamos cookies para varias cosas.<\/p>\n<h2>\u00a0Aceptaci\u00f3n de cookies<\/h2>\n<p>Al acceder a este sitio web o aplicaci\u00f3n por primera vez, ver\u00e1 una advertencia \u00a0donde se le informa de la utilizaci\u00f3n de las cookies y donde puede consultar esta pol\u00edtica de cookies. Si el usuario consiente la utilizaci\u00f3n de cookies, contin\u00faa navegando o hace clic en alg\u00fan link se entender\u00e1 que ha consentido nuestra pol\u00edtica de cookies y, por tanto, la instalaci\u00f3n de las mismas en su equipo o dispositivo.<\/p>\n<p>Adem\u00e1s del uso de nuestras cookies propias, permitimos a terceros establecer cookies y acceder a ellas en su ordenador.<\/p>\n<h2>\u00bfQu\u00e9 informaci\u00f3n almacena una cookie?<\/h2>\n<p>Las cookies no suelen almacenar informaci\u00f3n sensible, como tarjetas de cr\u00e9dito o datos bancarios, fotograf\u00edas o informaci\u00f3n personal, etc. Los datos que guardan son de car\u00e1cter t\u00e9cnico, estad\u00edsticos, preferencias personales, personalizaci\u00f3n de contenidos, etc.<\/p>\n<p>El servidor web no\u00a0 asocia al usuario como persona sino a su navegador web. De hecho, si el usuario navega habitualmente con el navegador Chrome y prueba a navegar por la misma web con el navegador Firefox, ver\u00e1 que la web no se da cuenta que es usted la misma persona porque en realidad est\u00e1 asociando la informaci\u00f3n al navegador, no a la persona.<\/p>\n<h2>Cookies aceptadas por la normativa y cookies exceptuadas<\/h2>\n<p>Seg\u00fan la directiva de la UE, las cookies que requieren el consentimiento informado por parte del usuario son las cookies de anal\u00edtica y las de publicidad, quedando exceptuadas las de car\u00e1cter t\u00e9cnico y las necesarias para el funcionamiento del sitio web o la prestaci\u00f3n de servicios expresamente solicitados por el usuario.<\/p>\n<h2>\u00bfQu\u00e9 cookies utiliza esta web?<\/h2>\n<p>Esta web utiliza cookies propias y de terceros. En este sitio web se utilizan las siguientes cookies que se detallan a continuaci\u00f3n.<\/p>\n<h2>Cookies propias:<\/h2>\n<p><strong>Inicio de sesi\u00f3n<\/strong>:\u00a0Las cookies para iniciar sesi\u00f3n te permiten entrar y salir de tu cuenta de Beguerrilla.<\/p>\n<p><strong>Seguridad:<\/strong>\u00a0Utilizamos cookies para evitarte riesgos de seguridad. Principalmente para detectar cu\u00e1ndo alguien est\u00e1 intentando piratear tu cuenta de Beguerrilla.<\/p>\n<h2>Cookies de terceros<\/h2>\n<p>Son aquellas que se env\u00edan al equipo terminal del usuario desde un equipo o dominio que no es gestionado por el editor, sino por otra entidad que trata los datos obtenidos trav\u00e9s de las cookies.<\/p>\n<p>Esta web utiliza las siguientes cookies de tercero:<\/p>\n<p><strong>Cookies de preferencias:<\/strong><\/p>\n<p>Las cookies de preferencias permiten a la p\u00e1gina web recordar informaci\u00f3n que cambia la forma en que la p\u00e1gina se comporta o el aspecto que tiene, como el idioma preferido o la regi\u00f3n en la que se encuentra el usuario.<\/p>\n<p><strong>Cookies anal\u00edticas:<\/strong><\/p>\n<p>Esta web utiliza servicios de an\u00e1lisis, concretamente, Google Analytics para ayudar al website a analizar el uso que hacen los usuarios del sitio web y mejorar la usabilidad del mismo, pero en ning\u00fan caso se asocian a datos que pudieran llegar a identificar al usuario. Google Analytics, es un servicio anal\u00edtico de web prestado por Google, Inc.<\/p>\n<p>Las cookies anal\u00edticas y de estad\u00edstica nos ayudan a comprender c\u00f3mo interact\u00faan los visitantes con nuestra web reuniendo y proporcionando informaci\u00f3n de forma an\u00f3nima.<\/p>\n<p>Seguimiento de conversiones de Google Ads (Google LLC)<\/p>\n<p>El Seguimiento de conversiones de Google Ads es un servicio de estad\u00edsticas prestado por Google LLC que conecta los datos de la red de publicidad de Google Ads con las acciones realizadas en esta Aplicaci\u00f3n.<\/p>\n<p><strong>Datos Personales recogidos:<\/strong> Cookie y Datos de uso.<\/p>\n<p>Lugar de tratamiento: EE.UU. \u2013 Pol\u00edtica de privacidad. Integrante del acuerdo Privacy Shield\u201d<\/p>\n<p>Seguimiento de conversiones de Facebook Ads (p\u00edxel de Facebook) (Facebook, Inc.)<\/p>\n<p>El Seguimiento de conversiones de Facebook Ads (p\u00edxel de Facebook) es un servicio de estad\u00edsticas prestado por Facebook, Inc. que conecta los datos de la red de publicidad de Facebook con las acciones realizadas en esta Aplicaci\u00f3n. El p\u00edxel de Facebook realiza un seguimiento de las conversiones que se pueden atribuir a los anuncios de Facebook, Instagram y Audience Network.<\/p>\n<p>Datos Personales recogidos: Cookie y Datos de uso.<\/p>\n<p>Lugar de tratamiento: EE.UU. \u2013 Pol\u00edtica de privacidad. Integrante del acuerdo Privacy Shield\u201d.<\/p>\n<p><strong>Cookies publicitarias y de remarketing<\/strong><\/p>\n<p>Las cookies de marketing se utilizan para rastrear a los visitantes en las p\u00e1ginas web. La intenci\u00f3n es mostrar anuncios relevantes y atractivos para el usuario individual, y, por lo tanto, m\u00e1s valiosos para los editores y terceros anunciantes.<\/p>\n<p>Este tipo de servicios permiten a esta Aplicaci\u00f3n y a sus partners distribuir, optimizar y mostrar anuncios publicitarios basados en el historial de uso de esta Aplicaci\u00f3n por el Usuario.<\/p>\n<p>Esta actividad se realiza rastreando los Datos de Uso y utilizando Cookies, informaci\u00f3n que es transferida a los partners que gestionan el remarketing y la actividad de remarketing.<\/p>\n<p>Adem\u00e1s de cualquier opci\u00f3n de \u201copt out\u201d ofrecida por cualquiera de los servicios que se indican a continuaci\u00f3n, el Usuario tambi\u00e9n puede optar por la exclusi\u00f3n del uso de cookies por servicios de terceros accediendo a la p\u00e1gina de exclusi\u00f3n de Network Advertising Initiative.<\/p>\n<p>Entre las cookies publicitarias utilizadas en esta web est\u00e1n:<\/p>\n<p>Facebook Ads Remarketing (Facebook, Inc.)<\/p>\n<p>Facebook Remarketing es un servicio de remarketing prestado por Facebook, Inc. que conecta la actividad de esta Aplicaci\u00f3n con la red de publicidad de Facebook.<\/p>\n<p>Para usar la funci\u00f3n de p\u00fablicos personalizados, esta web utiliza la herramienta Website Custom Audience de Facebook, que hace uso del pixel de Facebook que marcan al visitante de esta p\u00e1gina web de forma anonimizada. Si deseas oponerte al uso de Website Custom Audiences de Facebook, tiene la posibilidad de hacerlo en: <span style=\"color: #ff9900;\"><a style=\"color: #ff9900;\" href=\"https:\/\/www.facebook.com\/ads\/website_custom_audiences\/\">https:\/\/www.facebook.com\/ads\/website_custom_audiences\/<\/a>.<\/span><\/p>\n<p>Para una mayor informaci\u00f3n sobre el alcance y finalidad de la recogida de los datos por parte de Facebook y su posterior tratamiento, as\u00ed como, para configurar su privacidad debe acudir a los siguientes enlaces: <span style=\"color: #ff9900;\"><a style=\"color: #ff9900;\" href=\"https:\/\/www.facebook.com\/privacy\/explanation\">https:\/\/www.facebook.com\/privacy\/explanation<\/a><\/span><\/p>\n<p><strong>Cookies de redes sociales<\/strong><\/p>\n<p>Las cookies de redes sociales pueden almacenarse en su navegador mientras navega por Beguerrilla\u00a0por ejemplo, cuando utiliza el bot\u00f3n de compartir contenidos de Beguerrilla\u00a0en alguna red social.<\/p>\n<p>A continuaci\u00f3n, tienes informaci\u00f3n sobre las cookies de las redes sociales que utiliza esta web en sus propias pol\u00edticas de cookies:<\/p>\n<ul>\n<li>Cookies de Facebook, ver m\u00e1s informaci\u00f3n en su\u00a0<span style=\"color: #ff9900;\"><a style=\"color: #ff9900;\" href=\"https:\/\/www.facebook.com\/policies\/cookies\/\">pol\u00edtica de cookies<\/a><\/span><\/li>\n<li>Cookies de Twitter, ver m\u00e1s informaci\u00f3n en su\u00a0<span style=\"color: #ff9900;\"><a style=\"color: #ff9900;\" href=\"https:\/\/twitter.com\/privacy\">pol\u00edtica de cookies<\/a><\/span><\/li>\n<li>Cookies de Instagram, ver m\u00e1s informaci\u00f3n en su <span style=\"color: #ff9900;\"><a style=\"color: #ff9900;\" href=\"https:\/\/www.facebook.com\/policies\/cookies\/\">pol\u00edtica de <\/a>cookies<\/span><\/li>\n<\/ul>\n<h2>C\u00f3mo controlar las cookies<\/h2>\n<p>La mayor\u00eda de los navegadores permite a los usuarios controlar las cookies mediante las preferencias de configuraci\u00f3n, es posible que se resienta la experiencia general de uso, ya que no ser\u00e1 una experiencia personalizada. Tambi\u00e9n puede que no sea posible guardar valores de configuraci\u00f3n personalizados como la informaci\u00f3n de inicio de sesi\u00f3n.<br \/>Proporcionamos los enlaces necesarios para configurar las opciones respecto a las cookies en cada navegador:<\/p>\n<ul>\n<li><span style=\"color: #ff9900;\"><a style=\"color: #ff9900;\" href=\"https:\/\/support.google.com\/chrome\/answer\/95647?hl=en\">Google Chrome<\/a><\/span><\/li>\n<li><span style=\"color: #ff9900;\"><a style=\"color: #ff9900;\" href=\"https:\/\/support.microsoft.com\/en-us\/kb\/260971\">Internet Explorer<\/a><\/span><\/li>\n<li><span style=\"color: #ff9900;\"><a style=\"color: #ff9900;\" href=\"https:\/\/support.mozilla.org\/en-US\/kb\/cookies-information-websites-store-on-your-computer\">Mozilla Firefox<\/a><\/span><\/li>\n<li><span style=\"color: #ff9900;\"><a style=\"color: #ff9900;\" href=\"https:\/\/support.apple.com\/kb\/PH5042?locale=en_US\">Safari (versi\u00f3n escritorio)<\/a><\/span><\/li>\n<li><span style=\"color: #ff9900;\"><a style=\"color: #ff9900;\" href=\"https:\/\/support.apple.com\/en-us\/HT201265\">Safari (versi\u00f3n m\u00f3vil)<\/a><\/span><\/li>\n<li><span style=\"color: #ff9900;\"><a style=\"color: #ff9900;\" href=\"http:\/\/support.google.com\/ics\/nexus\/bin\/answer.py?hl=en&amp;answer=2425067\">Navegador Android<\/a><\/span><\/li>\n<li><span style=\"color: #ff9900;\"><a style=\"color: #ff9900;\" href=\"http:\/\/www.opera.com\/help\">Opera<\/a><\/span><\/li>\n<li><span style=\"color: #ff9900;\"><a style=\"color: #ff9900;\" href=\"http:\/\/www.opera.com\/help\/mobile\/android#privacy\">Opera (versi\u00f3n m\u00f3vil)<\/a><\/span><\/li>\n<\/ul>\n<h2>M\u00e1s informaci\u00f3n sobre las cookies<\/h2>\n<p>Puedes consultar el reglamento sobre cookies publicado por la Agencia Espa\u00f1ola de Protecci\u00f3n de Datos en su <span style=\"color: #ff9900;\">\u201c<a style=\"color: #ff9900;\" href=\"https:\/\/www.agpd.es\/portalwebAGPD\/canaldocumentacion\/publicaciones\/common\/Guias\/Guia_Cookies.pdf\">Gu\u00eda sobre el uso de las cookies<\/a>\u201d<\/span> y \u00a0obtener m\u00e1s informaci\u00f3n sobre las cookies en Internet, <span style=\"color: #ff9900;\"><a style=\"color: #ff9900;\" href=\"http:\/\/www.aboutcookies.org\/\">http:\/\/www.aboutcookies.org\/<\/a><\/span><\/p>\n<p>Si desea tener un mayor control sobre la instalaci\u00f3n de cookies, puede instalar programas o complementos a su navegador, conocidos como herramientas de \u201cDo Not Track\u201d, que le permitir\u00e1n escoger aquellas cookies que desea permitir.<\/p>\n<p>Esta pol\u00edtica de cookies ha sido actualizada por \u00faltima vez en mayo de 2021<\/p>\n\t\t\t\t\t\t<\/div>\n\t\t\t\t<\/div>\n\t\t\t\t\t<\/div>\n\t\t<\/div>\n\t\t\t\t\t\t\t<\/div>\n\t\t<\/section>\n\t\t\t\t\t\t\t<\/div>\n\t\t","protected":false},"excerpt":{"rendered":"<p>Pol\u00edtica de cookies En esta web recopilamos y utilizamos la informaci\u00f3n seg\u00fan indicamos en nuestra pol\u00edtica de privacidad. Una de las formas en las que recopilamos informaci\u00f3n es a trav\u00e9s del uso de la tecnolog\u00eda llamada \u201ccookies\u201d. En Beguerrilla utilizamos cookies para varias cosas. \u00a0Aceptaci\u00f3n de cookies Al acceder a este sitio web o aplicaci\u00f3n [&hellip;]<\/p>\n","protected":false},"author":20,"featured_media":0,"parent":0,"menu_order":0,"comment_status":"closed","ping_status":"closed","template":"","meta":{"content-type":""},"yoast_head":"<!-- This site is optimized with the Yoast SEO plugin v20.0 - https:\/\/yoast.com\/wordpress\/plugins\/seo\/ -->\n<title>Cookies Richtlinie - Beguerrilla<\/title>\n<meta name=\"robots\" content=\"index, follow, max-snippet:-1, max-image-preview:large, max-video-preview:-1\" \/>\n<link rel=\"canonical\" href=\"https:\/\/beguerrilla.com\/politica-de-cookies\/\" \/>\n<meta property=\"og:locale\" content=\"de_DE\" \/>\n<meta property=\"og:type\" content=\"article\" \/>\n<meta property=\"og:title\" content=\"Cookies Richtlinie - Beguerrilla\" \/>\n<meta property=\"og:description\" content=\"Pol\u00edtica de cookies En esta web recopilamos y utilizamos la informaci\u00f3n seg\u00fan indicamos en nuestra pol\u00edtica de privacidad. Una de las formas en las que recopilamos informaci\u00f3n es a trav\u00e9s del uso de la tecnolog\u00eda llamada \u201ccookies\u201d. En Beguerrilla utilizamos cookies para varias cosas. \u00a0Aceptaci\u00f3n de cookies Al acceder a este sitio web o aplicaci\u00f3n [&hellip;]\" \/>\n<meta property=\"og:url\" content=\"https:\/\/beguerrilla.com\/politica-de-cookies\/\" \/>\n<meta property=\"og:site_name\" content=\"Beguerrilla\" \/>\n<meta property=\"article:modified_time\" content=\"2023-01-17T11:42:22+00:00\" \/>\n<meta name=\"twitter:card\" content=\"summary_large_image\" \/>\n<meta name=\"twitter:label1\" content=\"Gesch\u00e4tzte Lesezeit\" \/>\n\t<meta name=\"twitter:data1\" content=\"7 Minuten\" \/>\n<script type=\"application\/ld+json\" class=\"yoast-schema-graph\">{\"@context\":\"https:\/\/schema.org\",\"@graph\":[{\"@type\":\"WebPage\",\"@id\":\"https:\/\/beguerrilla.com\/politica-de-cookies\/\",\"url\":\"https:\/\/beguerrilla.com\/politica-de-cookies\/\",\"name\":\"Cookies Richtlinie - Beguerrilla\",\"isPartOf\":{\"@id\":\"https:\/\/beguerrilla.com\/#website\"},\"datePublished\":\"2021-05-20T12:57:48+00:00\",\"dateModified\":\"2023-01-17T11:42:22+00:00\",\"breadcrumb\":{\"@id\":\"https:\/\/beguerrilla.com\/politica-de-cookies\/#breadcrumb\"},\"inLanguage\":\"de-DE\",\"potentialAction\":[{\"@type\":\"ReadAction\",\"target\":[\"https:\/\/beguerrilla.com\/politica-de-cookies\/\"]}]},{\"@type\":\"BreadcrumbList\",\"@id\":\"https:\/\/beguerrilla.com\/politica-de-cookies\/#breadcrumb\",\"itemListElement\":[{\"@type\":\"ListItem\",\"position\":1,\"name\":\"Portada\",\"item\":\"https:\/\/beguerrilla.com\/\"},{\"@type\":\"ListItem\",\"position\":2,\"name\":\"Cookies Richtlinie\"}]},{\"@type\":\"WebSite\",\"@id\":\"https:\/\/beguerrilla.com\/#website\",\"url\":\"https:\/\/beguerrilla.com\/\",\"name\":\"Beguerrilla\",\"description\":\"Agencia Amazon 360 - SEO, PPC &amp; Dise\u00f1o Amazon Store\",\"publisher\":{\"@id\":\"https:\/\/beguerrilla.com\/#organization\"},\"potentialAction\":[{\"@type\":\"SearchAction\",\"target\":{\"@type\":\"EntryPoint\",\"urlTemplate\":\"https:\/\/beguerrilla.com\/?s={search_term_string}\"},\"query-input\":\"required name=search_term_string\"}],\"inLanguage\":\"de-DE\"},{\"@type\":\"Organization\",\"@id\":\"https:\/\/beguerrilla.com\/#organization\",\"name\":\"Beguerrilla\",\"url\":\"https:\/\/beguerrilla.com\/\",\"logo\":{\"@type\":\"ImageObject\",\"inLanguage\":\"de-DE\",\"@id\":\"https:\/\/beguerrilla.com\/#\/schema\/logo\/image\/\",\"url\":\"https:\/\/beguerrilla.com\/wp-content\/uploads\/2020\/10\/cropped-HOME-11-1.png\",\"contentUrl\":\"https:\/\/beguerrilla.com\/wp-content\/uploads\/2020\/10\/cropped-HOME-11-1.png\",\"width\":494,\"height\":86,\"caption\":\"Beguerrilla\"},\"image\":{\"@id\":\"https:\/\/beguerrilla.com\/#\/schema\/logo\/image\/\"}}]}<\/script>\n<!-- \/ Yoast SEO plugin. -->","yoast_head_json":{"title":"Cookies Richtlinie - Beguerrilla","robots":{"index":"index","follow":"follow","max-snippet":"max-snippet:-1","max-image-preview":"max-image-preview:large","max-video-preview":"max-video-preview:-1"},"canonical":"https:\/\/beguerrilla.com\/politica-de-cookies\/","og_locale":"de_DE","og_type":"article","og_title":"Cookies Richtlinie - Beguerrilla","og_description":"Pol\u00edtica de cookies En esta web recopilamos y utilizamos la informaci\u00f3n seg\u00fan indicamos en nuestra pol\u00edtica de privacidad. Una de las formas en las que recopilamos informaci\u00f3n es a trav\u00e9s del uso de la tecnolog\u00eda llamada \u201ccookies\u201d. En Beguerrilla utilizamos cookies para varias cosas. \u00a0Aceptaci\u00f3n de cookies Al acceder a este sitio web o aplicaci\u00f3n [&hellip;]","og_url":"https:\/\/beguerrilla.com\/politica-de-cookies\/","og_site_name":"Beguerrilla","article_modified_time":"2023-01-17T11:42:22+00:00","twitter_card":"summary_large_image","twitter_misc":{"Gesch\u00e4tzte Lesezeit":"7 Minuten"},"schema":{"@context":"https:\/\/schema.org","@graph":[{"@type":"WebPage","@id":"https:\/\/beguerrilla.com\/politica-de-cookies\/","url":"https:\/\/beguerrilla.com\/politica-de-cookies\/","name":"Cookies Richtlinie - Beguerrilla","isPartOf":{"@id":"https:\/\/beguerrilla.com\/#website"},"datePublished":"2021-05-20T12:57:48+00:00","dateModified":"2023-01-17T11:42:22+00:00","breadcrumb":{"@id":"https:\/\/beguerrilla.com\/politica-de-cookies\/#breadcrumb"},"inLanguage":"de-DE","potentialAction":[{"@type":"ReadAction","target":["https:\/\/beguerrilla.com\/politica-de-cookies\/"]}]},{"@type":"BreadcrumbList","@id":"https:\/\/beguerrilla.com\/politica-de-cookies\/#breadcrumb","itemListElement":[{"@type":"ListItem","position":1,"name":"Portada","item":"https:\/\/beguerrilla.com\/"},{"@type":"ListItem","position":2,"name":"Cookies Richtlinie"}]},{"@type":"WebSite","@id":"https:\/\/beguerrilla.com\/#website","url":"https:\/\/beguerrilla.com\/","name":"Beguerrilla","description":"Agencia Amazon 360 - SEO, PPC &amp; Dise\u00f1o Amazon Store","publisher":{"@id":"https:\/\/beguerrilla.com\/#organization"},"potentialAction":[{"@type":"SearchAction","target":{"@type":"EntryPoint","urlTemplate":"https:\/\/beguerrilla.com\/?s={search_term_string}"},"query-input":"required name=search_term_string"}],"inLanguage":"de-DE"},{"@type":"Organization","@id":"https:\/\/beguerrilla.com\/#organization","name":"Beguerrilla","url":"https:\/\/beguerrilla.com\/","logo":{"@type":"ImageObject","inLanguage":"de-DE","@id":"https:\/\/beguerrilla.com\/#\/schema\/logo\/image\/","url":"https:\/\/beguerrilla.com\/wp-content\/uploads\/2020\/10\/cropped-HOME-11-1.png","contentUrl":"https:\/\/beguerrilla.com\/wp-content\/uploads\/2020\/10\/cropped-HOME-11-1.png","width":494,"height":86,"caption":"Beguerrilla"},"image":{"@id":"https:\/\/beguerrilla.com\/#\/schema\/logo\/image\/"}}]}},"_links":{"self":[{"href":"https:\/\/beguerrilla.com\/de\/wp-json\/wp\/v2\/pages\/3439"}],"collection":[{"href":"https:\/\/beguerrilla.com\/de\/wp-json\/wp\/v2\/pages"}],"about":[{"href":"https:\/\/beguerrilla.com\/de\/wp-json\/wp\/v2\/types\/page"}],"author":[{"embeddable":true,"href":"https:\/\/beguerrilla.com\/de\/wp-json\/wp\/v2\/users\/20"}],"replies":[{"embeddable":true,"href":"https:\/\/beguerrilla.com\/de\/wp-json\/wp\/v2\/comments?post=3439"}],"version-history":[{"count":1,"href":"https:\/\/beguerrilla.com\/de\/wp-json\/wp\/v2\/pages\/3439\/revisions"}],"predecessor-version":[{"id":5285,"href":"https:\/\/beguerrilla.com\/de\/wp-json\/wp\/v2\/pages\/3439\/revisions\/5285"}],"wp:attachment":[{"href":"https:\/\/beguerrilla.com\/de\/wp-json\/wp\/v2\/media?parent=3439"}],"curies":[{"name":"wp","href":"https:\/\/api.w.org\/{rel}","templated":true}]}}